{"id":59,"date":"2024-11-26T13:03:29","date_gmt":"2024-11-26T12:03:29","guid":{"rendered":"https:\/\/www.culturabox.be\/?page_id=59"},"modified":"2025-05-19T12:44:02","modified_gmt":"2025-05-19T10:44:02","slug":"faco-duet-animation-evenements","status":"publish","type":"page","link":"https:\/\/www.culturabox.be\/index.php\/faco-duet-animation-evenements\/","title":{"rendered":"Faco Duet"},"content":{"rendered":"\t\t<div data-elementor-type=\"wp-page\" data-elementor-id=\"59\" class=\"elementor elementor-59\">\n\t\t\t\t<div class=\"elementor-element elementor-element-3f25292 e-flex e-con-boxed e-con e-parent\" data-id=\"3f25292\" data-element_type=\"container\">\n\t\t\t\t\t<div class=\"e-con-inner\">\n\t\t\t\t<div class=\"elementor-element elementor-element-10670f7 elementor-widget elementor-widget-heading\" data-id=\"10670f7\" data-element_type=\"widget\" data-widget_type=\"heading.default\">\n\t\t\t\t<div class=\"elementor-widget-container\">\n\t\t\t<h2 class=\"elementor-heading-title elementor-size-default\">Animation musicale<\/h2>\t\t<\/div>\n\t\t\t\t<\/div>\n\t\t\t\t\t<\/div>\n\t\t\t\t<\/div>\n\t\t<div class=\"elementor-element elementor-element-3ee104a e-flex e-con-boxed e-con e-parent\" data-id=\"3ee104a\" data-element_type=\"container\">\n\t\t\t\t\t<div class=\"e-con-inner\">\n\t\t<div class=\"elementor-element elementor-element-336a28f e-con-full e-flex e-con e-child\" data-id=\"336a28f\" data-element_type=\"container\">\n\t\t\t\t<div class=\"elementor-element elementor-element-25bf645 elementor-widget elementor-widget-image\" data-id=\"25bf645\" data-element_type=\"widget\" data-widget_type=\"image.default\">\n\t\t\t\t<div class=\"elementor-widget-container\">\n\t\t\t\t\t\t\t\t\t\t\t\t\t<img fetchpriority=\"high\" decoding=\"async\" width=\"434\" height=\"353\" src=\"https:\/\/www.culturabox.be\/wp-content\/uploads\/2024\/11\/faco-duet.png\" class=\"attachment-large size-large wp-image-51\" alt=\"\" srcset=\"https:\/\/www.culturabox.be\/wp-content\/uploads\/2024\/11\/faco-duet.png 434w, https:\/\/www.culturabox.be\/wp-content\/uploads\/2024\/11\/faco-duet-300x244.png 300w\" sizes=\"(max-width: 434px) 100vw, 434px\" \/>\t\t\t\t\t\t\t\t\t\t\t\t\t<\/div>\n\t\t\t\t<\/div>\n\t\t\t\t<div class=\"elementor-element elementor-element-2439739 elementor-widget elementor-widget-video\" data-id=\"2439739\" data-element_type=\"widget\" data-settings=\"{&quot;youtube_url&quot;:&quot;https:\\\/\\\/www.youtube.com\\\/watch?v=huHkLuXoGXk&quot;,&quot;video_type&quot;:&quot;youtube&quot;,&quot;controls&quot;:&quot;yes&quot;}\" data-widget_type=\"video.default\">\n\t\t\t\t<div class=\"elementor-widget-container\">\n\t\t\t\t\t<div class=\"elementor-wrapper elementor-open-inline\">\n\t\t\t<div class=\"elementor-video\"><\/div>\t\t<\/div>\n\t\t\t\t<\/div>\n\t\t\t\t<\/div>\n\t\t\t\t<\/div>\n\t\t<div class=\"elementor-element elementor-element-a79b615 e-con-full e-flex e-con e-child\" data-id=\"a79b615\" data-element_type=\"container\">\n\t\t\t\t<div class=\"elementor-element elementor-element-85581f9 elementor-widget elementor-widget-text-editor\" data-id=\"85581f9\" data-element_type=\"widget\" data-widget_type=\"text-editor.default\">\n\t\t\t\t<div class=\"elementor-widget-container\">\n\t\t\t\t\t\t\t<figure class=\"wp-block-image size-full\"><\/figure>\n<p><!-- \/wp:image --><!-- wp:paragraph --><\/p>\n<p>Vernissage, mariage, anniversaire, soir\u00e9e rock, blind test live,\u2026 Vous pr\u00e9f\u00e9rez offrir \u00e0 vos invit\u00e9s de la musique live plut\u00f4t qu\u2019une b\u00eate playlist spotify\u00a0? Faco Duet s\u2019invite dans vos \u00e9v\u00e8nements avec un simple concept\u00a0: batterie, guitare et voix suffisent pour installer l\u2019ambiance qui vous convient. Sachez qu\u2019elles sont capables\u00a0:<\/p>\n<p><!-- \/wp:paragraph --><!-- wp:list --><\/p>\n<ul class=\"wp-block-list\"><!-- wp:list-item -->\n<li>D\u2019inviter \u00e0 la contemplation d\u2019\u0153uvres d\u2019art modernes<\/li>\n<!-- \/wp:list-item --><!-- wp:list-item -->\n<li>D\u2019enflammer le dance-floor<\/li>\n<!-- \/wp:list-item --><!-- wp:list-item -->\n<li>D\u2019animer vos soir\u00e9es blind test<\/li>\n<!-- \/wp:list-item --><!-- wp:list-item -->\n<li>De mettre une musique d\u2019ambiance jazzy-lounge-frenchy-champagne<\/li>\n<!-- \/wp:list-item --><\/ul>\n<p><!-- \/wp:list --><!-- wp:paragraph --><\/p>\n<p>Aucune d\u00e9cennie ne leur r\u00e9siste. Elles proposent un concert personnalis\u00e9 (tonton adore Elvis\u00a0? Lola kiffe Ed Sheeran\u00a0? Ainsi soit-il), en totale autonomie point de vue mat\u00e9riel (baffles, micro,\u2026).<!-- \/wp:paragraph --><\/p>\t\t\t\t\t\t<\/div>\n\t\t\t\t<\/div>\n\t\t\t\t<div class=\"elementor-element elementor-element-19e7cca elementor-align-center elementor-widget elementor-widget-button\" data-id=\"19e7cca\" data-element_type=\"widget\" data-widget_type=\"button.default\">\n\t\t\t\t<div class=\"elementor-widget-container\">\n\t\t\t\t\t\t\t<div class=\"elementor-button-wrapper\">\n\t\t\t\t\t<a class=\"elementor-button elementor-button-link elementor-size-sm elementor-animation-shrink\" href=\"https:\/\/www.culturabox.be\/index.php\/contact\/\">\n\t\t\t\t\t\t<span class=\"elementor-button-content-wrapper\">\n\t\t\t\t\t\t\t\t\t<span class=\"elementor-button-text\">Contactez-nous<\/span>\n\t\t\t\t\t<\/span>\n\t\t\t\t\t<\/a>\n\t\t\t\t<\/div>\n\t\t\t\t\t\t<\/div>\n\t\t\t\t<\/div>\n\t\t\t\t<\/div>\n\t\t\t\t\t<\/div>\n\t\t\t\t<\/div>\n\t\t\t\t<\/div>\n\t\t","protected":false},"excerpt":{"rendered":"<p>Animation musicale https:\/\/www.youtube.com\/watch?v=huHkLuXoGXk Vernissage, mariage, anniversaire, soir\u00e9e rock, blind test live,\u2026 Vous pr\u00e9f\u00e9rez offrir \u00e0 vos invit\u00e9s de la musique live plut\u00f4t qu\u2019une b\u00eate playlist spotify\u00a0? Faco Duet s\u2019invite dans vos \u00e9v\u00e8nements avec un simple concept\u00a0: batterie, guitare et voix suffisent pour installer l\u2019ambiance qui vous convient. Sachez qu\u2019elles sont capables\u00a0: D\u2019inviter \u00e0 la contemplation [&hellip;]<\/p>\n","protected":false},"author":1,"featured_media":0,"parent":0,"menu_order":0,"comment_status":"closed","ping_status":"closed","template":"","meta":{"footnotes":""},"class_list":["post-59","page","type-page","status-publish","hentry","entry"],"yoast_head":"<!-- This site is optimized with the Yoast SEO plugin v23.9 - https:\/\/yoast.com\/wordpress\/plugins\/seo\/ -->\n<title>Faco Duet - Cultura Box ASBL<\/title>\n<meta name=\"robots\" content=\"index, follow, max-snippet:-1, max-image-preview:large, max-video-preview:-1\" \/>\n<link rel=\"canonical\" href=\"https:\/\/www.culturabox.be\/index.php\/faco-duet-animation-evenements\/\" \/>\n<meta property=\"og:locale\" content=\"fr_FR\" \/>\n<meta property=\"og:type\" content=\"article\" \/>\n<meta property=\"og:title\" content=\"Faco Duet - Cultura Box ASBL\" \/>\n<meta property=\"og:description\" content=\"Animation musicale https:\/\/www.youtube.com\/watch?v=huHkLuXoGXk Vernissage, mariage, anniversaire, soir\u00e9e rock, blind test live,\u2026 Vous pr\u00e9f\u00e9rez offrir \u00e0 vos invit\u00e9s de la musique live plut\u00f4t qu\u2019une b\u00eate playlist spotify\u00a0? Faco Duet s\u2019invite dans vos \u00e9v\u00e8nements avec un simple concept\u00a0: batterie, guitare et voix suffisent pour installer l\u2019ambiance qui vous convient. Sachez qu\u2019elles sont capables\u00a0: D\u2019inviter \u00e0 la contemplation [&hellip;]\" \/>\n<meta property=\"og:url\" content=\"https:\/\/www.culturabox.be\/index.php\/faco-duet-animation-evenements\/\" \/>\n<meta property=\"og:site_name\" content=\"Cultura Box ASBL\" \/>\n<meta property=\"article:modified_time\" content=\"2025-05-19T10:44:02+00:00\" \/>\n<meta property=\"og:image\" content=\"https:\/\/www.culturabox.be\/wp-content\/uploads\/2024\/11\/faco-duet.png\" \/>\n\t<meta property=\"og:image:width\" content=\"434\" \/>\n\t<meta property=\"og:image:height\" content=\"353\" \/>\n\t<meta property=\"og:image:type\" content=\"image\/png\" \/>\n<meta name=\"twitter:card\" content=\"summary_large_image\" \/>\n<meta name=\"twitter:label1\" content=\"Dur\u00e9e de lecture estim\u00e9e\" \/>\n\t<meta name=\"twitter:data1\" content=\"1 minute\" \/>\n<script type=\"application\/ld+json\" class=\"yoast-schema-graph\">{\"@context\":\"https:\/\/schema.org\",\"@graph\":[{\"@type\":\"WebPage\",\"@id\":\"https:\/\/www.culturabox.be\/index.php\/faco-duet-animation-evenements\/\",\"url\":\"https:\/\/www.culturabox.be\/index.php\/faco-duet-animation-evenements\/\",\"name\":\"Faco Duet - Cultura Box ASBL\",\"isPartOf\":{\"@id\":\"https:\/\/www.culturabox.be\/#website\"},\"primaryImageOfPage\":{\"@id\":\"https:\/\/www.culturabox.be\/index.php\/faco-duet-animation-evenements\/#primaryimage\"},\"image\":{\"@id\":\"https:\/\/www.culturabox.be\/index.php\/faco-duet-animation-evenements\/#primaryimage\"},\"thumbnailUrl\":\"https:\/\/www.culturabox.be\/wp-content\/uploads\/2024\/11\/faco-duet.png\",\"datePublished\":\"2024-11-26T12:03:29+00:00\",\"dateModified\":\"2025-05-19T10:44:02+00:00\",\"breadcrumb\":{\"@id\":\"https:\/\/www.culturabox.be\/index.php\/faco-duet-animation-evenements\/#breadcrumb\"},\"inLanguage\":\"fr-FR\",\"potentialAction\":[{\"@type\":\"ReadAction\",\"target\":[\"https:\/\/www.culturabox.be\/index.php\/faco-duet-animation-evenements\/\"]}]},{\"@type\":\"ImageObject\",\"inLanguage\":\"fr-FR\",\"@id\":\"https:\/\/www.culturabox.be\/index.php\/faco-duet-animation-evenements\/#primaryimage\",\"url\":\"https:\/\/www.culturabox.be\/wp-content\/uploads\/2024\/11\/faco-duet.png\",\"contentUrl\":\"https:\/\/www.culturabox.be\/wp-content\/uploads\/2024\/11\/faco-duet.png\",\"width\":434,\"height\":353},{\"@type\":\"BreadcrumbList\",\"@id\":\"https:\/\/www.culturabox.be\/index.php\/faco-duet-animation-evenements\/#breadcrumb\",\"itemListElement\":[{\"@type\":\"ListItem\",\"position\":1,\"name\":\"Accueil\",\"item\":\"https:\/\/www.culturabox.be\/\"},{\"@type\":\"ListItem\",\"position\":2,\"name\":\"Faco Duet\"}]},{\"@type\":\"WebSite\",\"@id\":\"https:\/\/www.culturabox.be\/#website\",\"url\":\"https:\/\/www.culturabox.be\/\",\"name\":\"Cultura Box ASBL\",\"description\":\"Cr\u00e9er - Inspirer - Partager\",\"potentialAction\":[{\"@type\":\"SearchAction\",\"target\":{\"@type\":\"EntryPoint\",\"urlTemplate\":\"https:\/\/www.culturabox.be\/?s={search_term_string}\"},\"query-input\":{\"@type\":\"PropertyValueSpecification\",\"valueRequired\":true,\"valueName\":\"search_term_string\"}}],\"inLanguage\":\"fr-FR\"}]}<\/script>\n<!-- \/ Yoast SEO plugin. -->","yoast_head_json":{"title":"Faco Duet - Cultura Box ASBL","robots":{"index":"index","follow":"follow","max-snippet":"max-snippet:-1","max-image-preview":"max-image-preview:large","max-video-preview":"max-video-preview:-1"},"canonical":"https:\/\/www.culturabox.be\/index.php\/faco-duet-animation-evenements\/","og_locale":"fr_FR","og_type":"article","og_title":"Faco Duet - Cultura Box ASBL","og_description":"Animation musicale https:\/\/www.youtube.com\/watch?v=huHkLuXoGXk Vernissage, mariage, anniversaire, soir\u00e9e rock, blind test live,\u2026 Vous pr\u00e9f\u00e9rez offrir \u00e0 vos invit\u00e9s de la musique live plut\u00f4t qu\u2019une b\u00eate playlist spotify\u00a0? Faco Duet s\u2019invite dans vos \u00e9v\u00e8nements avec un simple concept\u00a0: batterie, guitare et voix suffisent pour installer l\u2019ambiance qui vous convient. Sachez qu\u2019elles sont capables\u00a0: D\u2019inviter \u00e0 la contemplation [&hellip;]","og_url":"https:\/\/www.culturabox.be\/index.php\/faco-duet-animation-evenements\/","og_site_name":"Cultura Box ASBL","article_modified_time":"2025-05-19T10:44:02+00:00","og_image":[{"width":434,"height":353,"url":"https:\/\/www.culturabox.be\/wp-content\/uploads\/2024\/11\/faco-duet.png","type":"image\/png"}],"twitter_card":"summary_large_image","twitter_misc":{"Dur\u00e9e de lecture estim\u00e9e":"1 minute"},"schema":{"@context":"https:\/\/schema.org","@graph":[{"@type":"WebPage","@id":"https:\/\/www.culturabox.be\/index.php\/faco-duet-animation-evenements\/","url":"https:\/\/www.culturabox.be\/index.php\/faco-duet-animation-evenements\/","name":"Faco Duet - Cultura Box ASBL","isPartOf":{"@id":"https:\/\/www.culturabox.be\/#website"},"primaryImageOfPage":{"@id":"https:\/\/www.culturabox.be\/index.php\/faco-duet-animation-evenements\/#primaryimage"},"image":{"@id":"https:\/\/www.culturabox.be\/index.php\/faco-duet-animation-evenements\/#primaryimage"},"thumbnailUrl":"https:\/\/www.culturabox.be\/wp-content\/uploads\/2024\/11\/faco-duet.png","datePublished":"2024-11-26T12:03:29+00:00","dateModified":"2025-05-19T10:44:02+00:00","breadcrumb":{"@id":"https:\/\/www.culturabox.be\/index.php\/faco-duet-animation-evenements\/#breadcrumb"},"inLanguage":"fr-FR","potentialAction":[{"@type":"ReadAction","target":["https:\/\/www.culturabox.be\/index.php\/faco-duet-animation-evenements\/"]}]},{"@type":"ImageObject","inLanguage":"fr-FR","@id":"https:\/\/www.culturabox.be\/index.php\/faco-duet-animation-evenements\/#primaryimage","url":"https:\/\/www.culturabox.be\/wp-content\/uploads\/2024\/11\/faco-duet.png","contentUrl":"https:\/\/www.culturabox.be\/wp-content\/uploads\/2024\/11\/faco-duet.png","width":434,"height":353},{"@type":"BreadcrumbList","@id":"https:\/\/www.culturabox.be\/index.php\/faco-duet-animation-evenements\/#breadcrumb","itemListElement":[{"@type":"ListItem","position":1,"name":"Accueil","item":"https:\/\/www.culturabox.be\/"},{"@type":"ListItem","position":2,"name":"Faco Duet"}]},{"@type":"WebSite","@id":"https:\/\/www.culturabox.be\/#website","url":"https:\/\/www.culturabox.be\/","name":"Cultura Box ASBL","description":"Cr\u00e9er - Inspirer - Partager","potentialAction":[{"@type":"SearchAction","target":{"@type":"EntryPoint","urlTemplate":"https:\/\/www.culturabox.be\/?s={search_term_string}"},"query-input":{"@type":"PropertyValueSpecification","valueRequired":true,"valueName":"search_term_string"}}],"inLanguage":"fr-FR"}]}},"_links":{"self":[{"href":"https:\/\/www.culturabox.be\/index.php\/wp-json\/wp\/v2\/pages\/59","targetHints":{"allow":["GET"]}}],"collection":[{"href":"https:\/\/www.culturabox.be\/index.php\/wp-json\/wp\/v2\/pages"}],"about":[{"href":"https:\/\/www.culturabox.be\/index.php\/wp-json\/wp\/v2\/types\/page"}],"author":[{"embeddable":true,"href":"https:\/\/www.culturabox.be\/index.php\/wp-json\/wp\/v2\/users\/1"}],"replies":[{"embeddable":true,"href":"https:\/\/www.culturabox.be\/index.php\/wp-json\/wp\/v2\/comments?post=59"}],"version-history":[{"count":12,"href":"https:\/\/www.culturabox.be\/index.php\/wp-json\/wp\/v2\/pages\/59\/revisions"}],"predecessor-version":[{"id":289,"href":"https:\/\/www.culturabox.be\/index.php\/wp-json\/wp\/v2\/pages\/59\/revisions\/289"}],"wp:attachment":[{"href":"https:\/\/www.culturabox.be\/index.php\/wp-json\/wp\/v2\/media?parent=59"}],"curies":[{"name":"wp","href":"https:\/\/api.w.org\/{rel}","templated":true}]}}